{"id":2,"date":"2021-05-26T12:00:18","date_gmt":"2021-05-26T10:00:18","guid":{"rendered":"https:\/\/gedaechtnis.sjk-emk.de\/?page_id=2"},"modified":"2025-06-13T20:14:30","modified_gmt":"2025-06-13T18:14:30","slug":"sample-page","status":"publish","type":"page","link":"https:\/\/gedaechtnis.sjk-emk.de\/","title":{"rendered":"Ged\u00e4chtnisseite der EmK SJK"},"content":{"rendered":"\n<p>Ein wichtiger Teil der Konferenztagungen ist das Gedenken an die verstorbenen Laien und Hauptamtlichen des <a href=\"https:\/\/gedaechtnis.sjk-emk.de\/?cat=22\" data-type=\"category\" data-id=\"22\">vergangenen Konferenzjahres<\/a>.<\/p>\n\n\n\n<p>Um dem Andenken an die Verstorbenen einen guten Ort zu geben, wurde als Erg\u00e4nzung zum Ged\u00e4chtnisgottesdienst diese Webseite erstellt.<\/p>\n\n\n\n<p>Nehmen Sie sich Zeit. Sie k\u00f6nnen auf dieser Webseite die Lebensdaten, eine W\u00fcrdigung und ein Bild der Verstorbenen finden. Die Bilder stammen &#8211; wenn nicht anders angegeben \u2013 aus privaten Quellen.<\/p>\n\n\n\n<p>Wenn Sie ein pers\u00f6nliches Wort des Andenken oder der Erinnerung hinterlassen m\u00f6chten, k\u00f6nnen Sie dies \u00fcber die Kommentarfunktion tun. Haben Sie Verst\u00e4ndnis daf\u00fcr, das alle Kommentare aus Gr\u00fcnden der Piet\u00e4t vor der Ver\u00f6ffentlichung gepr\u00fcft werden.<\/p>\n\n\n\n<hr class=\"wp-block-separator has-css-opacity\"\/>\n\n\n\n<p><em>Alle Bilder und Medien auf dieser Seite sind gesch\u00fctzt und  d\u00fcrfen nicht ohne Erlaubnis weiter verwendet werden.<\/em><\/p>\n","protected":false},"excerpt":{"rendered":"<p>Ein wichtiger Teil der Konferenztagungen ist das Gedenken an die verstorbenen Laien und Hauptamtlichen des vergangenen Konferenzjahres. Um dem Andenken an die Verstorbenen einen guten Ort zu geben, wurde als Erg\u00e4nzung zum Ged\u00e4chtnisgottesdienst diese Webseite erstellt. Nehmen Sie sich Zeit. Sie k\u00f6nnen auf dieser Webseite die Lebensdaten, eine W\u00fcrdigung und ein Bild der Verstorbenen finden. [&hellip;]<\/p>\n","protected":false},"author":1,"featured_media":0,"parent":0,"menu_order":0,"comment_status":"closed","ping_status":"open","template":"","meta":{"footnotes":""},"class_list":["post-2","page","type-page","status-publish","hentry","post-preview"],"_links":{"self":[{"href":"https:\/\/gedaechtnis.sjk-emk.de\/index.php?rest_route=\/wp\/v2\/pages\/2","targetHints":{"allow":["GET"]}}],"collection":[{"href":"https:\/\/gedaechtnis.sjk-emk.de\/index.php?rest_route=\/wp\/v2\/pages"}],"about":[{"href":"https:\/\/gedaechtnis.sjk-emk.de\/index.php?rest_route=\/wp\/v2\/types\/page"}],"author":[{"embeddable":true,"href":"https:\/\/gedaechtnis.sjk-emk.de\/index.php?rest_route=\/wp\/v2\/users\/1"}],"replies":[{"embeddable":true,"href":"https:\/\/gedaechtnis.sjk-emk.de\/index.php?rest_route=%2Fwp%2Fv2%2Fcomments&post=2"}],"version-history":[{"count":10,"href":"https:\/\/gedaechtnis.sjk-emk.de\/index.php?rest_route=\/wp\/v2\/pages\/2\/revisions"}],"predecessor-version":[{"id":759,"href":"https:\/\/gedaechtnis.sjk-emk.de\/index.php?rest_route=\/wp\/v2\/pages\/2\/revisions\/759"}],"wp:attachment":[{"href":"https:\/\/gedaechtnis.sjk-emk.de\/index.php?rest_route=%2Fwp%2Fv2%2Fmedia&parent=2"}],"curies":[{"name":"wp","href":"https:\/\/api.w.org\/{rel}","templated":true}]}}