{"id":3,"date":"2021-05-26T12:00:18","date_gmt":"2021-05-26T10:00:18","guid":{"rendered":"https:\/\/gedaechtnis.sjk-emk.de\/?page_id=3"},"modified":"2023-06-19T18:49:49","modified_gmt":"2023-06-19T16:49:49","slug":"privacy-policy","status":"publish","type":"page","link":"https:\/\/gedaechtnis.sjk-emk.de\/?page_id=3","title":{"rendered":"Datenschutzerkl\u00e4rung"},"content":{"rendered":"\n<h5 class=\"wp-block-heading\">1.1 Geltungsbereich<\/h5>\n\n\n\n<p>Diese Datenschutzerkl\u00e4rung informiert die Nutzer der Website emk-sjk.de gem\u00e4\u00df Bundesdatenschutzgesetz und Telemediengesetz \u00fcber die Art, den Umfang und den Zweck der Erhebung und Verwendung personenbezogener Daten durch den Websitebetreiber, die Evangelisch-methodistische Kirche (im Folgenden EmK genannt).<br>Die EmK nimmt den Datenschutz ernst und behandelt Ihre personenbezogenen Daten vertraulich und entsprechend der gesetzlichen Vorschriften.<br>Bedenken Sie, dass die Daten\u00fcbertragung im Internet grunds\u00e4tzlich mit Sicherheitsl\u00fccken bedacht sein kann. Ein vollumf\u00e4nglicher Schutz vor dem Zugriff durch Fremde ist nicht realisierbar.<\/p>\n\n\n\n<h5 class=\"wp-block-heading\">1.2 Zugriffsdaten<\/h5>\n\n\n\n<p>Die EmK bzw. deren Seitenprovider erhebt Daten \u00fcber Zugriffe auf die Seite und speichert diese als \u00bbServer-Logfiles\u00ab ab. Folgende Daten werden protokolliert:<\/p>\n\n\n\n<ul class=\"wp-block-list\">\n<li>Besuchte Website<\/li>\n\n\n\n<li>Datum und Uhrzeit zum Zeitpunkt des Zugriffs<\/li>\n\n\n\n<li>Menge der gesendeten Daten in Byte<\/li>\n\n\n\n<li>Quelle\/Verweis, woher der Zugriff erfolgte<\/li>\n\n\n\n<li>Verwendeter Browser<\/li>\n\n\n\n<li>Verwendetes Betriebssystem<\/li>\n\n\n\n<li>Verwendete IP-Adresse<\/li>\n<\/ul>\n\n\n\n<p>Die IP-Adressen werden dabei anonymisiert gespeichert. Hierzu werden die letzten drei Ziffern entfernt, d.h. bspw. aus 127.0.0.1 wird 127.0.0.*. IPv6-Adressen werden ebenfalls anonymisiert. Die anonymisierten IP-Adressen werden f\u00fcr 60 Tage aufbewahrt. Angaben zum verwendeten Verzeichnisschutzbenutzer werden nach einem Tag anonymisiert.<\/p>\n\n\n\n<p>Die erhobenen Daten dienen statistischen Auswertungen und zur Verbesserung der Website. Der Websitebetreiber beh\u00e4lt sich allerdings vor, die Server-Logfiles nachtr\u00e4glich zu \u00fcberpr\u00fcfen, sollten konkrete Anhaltspunkte auf eine rechtswidrige Nutzung hinweisen.<\/p>\n\n\n\n<h5 class=\"wp-block-heading\">1.3 Cookies<\/h5>\n\n\n\n<p>Diese Website verwendet Cookies. Dabei handelt es sich um kleine Textdateien, die auf Ihrem Endger\u00e4t gespeichert werden. Ihr Browser greift auf diese Dateien zu. Durch den Einsatz von Cookies erh\u00f6ht sich die Benutzerfreundlichkeit und Sicherheit dieser Website.<br>G\u00e4ngige Browser bieten unter Einstellungen die M\u00f6glichkeit, Cookies nicht zuzulassen. Hinweis: Es ist nicht gew\u00e4hrleistet, dass Sie auf alle Funktionen dieser Website ohne Einschr\u00e4nkungen zugreifen k\u00f6nnen, wenn Sie entsprechende Einstellungen vornehmen.<\/p>\n\n\n\n<h5 class=\"wp-block-heading\">1.4 Umgang mit personenbezogenen Daten<\/h5>\n\n\n\n<p>Die EmK erhebt, nutzt und gibt Ihre personenbezogenen Daten nur dann weiter, wenn dies im gesetzlichen Rahmen erlaubt ist oder Sie in die Datenerhebung einwilligen. Als personenbezogene Daten gelten s\u00e4mtliche Informationen, die dazu dienen, Ihre Person zu bestimmen und bis zu Ihnen zur\u00fcckverfolgt werden k\u00f6nnen \u2013 also beispielsweise Ihr Name, Ihre E-Mail-Adresse und Telefonnummer.<\/p>\n\n\n\n<h5 class=\"wp-block-heading\">1.5 Umgang mit Kontaktdaten<\/h5>\n\n\n\n<p>Wenn Sie mit der EmK durch die angebotenen Kontaktm\u00f6glichkeiten Verbindung aufnehmen, werden Ihre Angaben gespeichert, um zur Bearbeitung und Beantwortung Ihrer Anfrage darauf zur\u00fcckgreifen zu k\u00f6nnen. Ohne Ihre Einwilligung werden diese Daten nicht an Dritte weitergegeben.<\/p>\n\n\n\n<h5 class=\"wp-block-heading\">1.6 Rechte des Nutzers: Auskunft, Berichtigung und L\u00f6schung<\/h5>\n\n\n\n<p>Als Nutzer erhalten Sie auf Antrag kostenlose Auskunft dar\u00fcber, welche personenbezogenen Daten \u00fcber Sie gespeichert wurden. Sofern Ihr Wunsch nicht mit einer gesetzlichen Pflicht zur Aufbewahrung von Daten (z. B. Vorratsdatenspeicherung) kollidiert, haben Sie ein Anrecht auf Berichtigung falscher Daten und auf die Sperrung oder L\u00f6schung Ihrer personenbezogenen Daten.<\/p>\n\n\n\n<h5 class=\"wp-block-heading\">1.7 Fragen und Ausk\u00fcnfte<\/h5>\n\n\n\n<p>F\u00fcr Fragen, Anregungen oder Kommentare zum Thema Datenschutz wenden Sie sich bitte per E-Mail an den Leiter der Kirchenkanzlei der EmK:<\/p>\n\n\n\n<p>Pastor J\u00f6rg Hammer<br>Kirchenkanzlei der EmK<br>Dielmannstra\u00dfe 26<br>60599 Frankfurt am Main<br>Telefon: 069 242521-0<br>E-Mail: kirchenkanzlei(at)emk.de<\/p>\n\n\n\n<h5 class=\"wp-block-heading\">1.11 Anpassung der Datenschutzerkl\u00e4rung<\/h5>\n\n\n\n<p>Die Entwicklung des Internets macht von Zeit zu Zeit Anpassungen in unserer Datenschutzordnung erforderlich. Substantielle \u00c4nderungen dieser Datenschutzerkl\u00e4rung werden online an dieser Stelle aktualisiert. Die vorliegenden Richtlinien stammen vom 22. Mai 2018.<\/p>\n\n\n\n<h5 class=\"wp-block-heading\">2 Haftungshinweis<\/h5>\n\n\n\n<h5 class=\"wp-block-heading\">2.1. Haftungsausschluss<\/h5>\n\n\n\n<p>Der Websitebetreiber, die Evangelisch-methodistische Kirche (im Folgenden EmK genannt) \u00fcbernimmt keinerlei Gew\u00e4hr f\u00fcr die Vollst\u00e4ndigkeit und Richtigkeit der gemachten Angaben auf emk.de.<\/p>\n\n\n\n<h5 class=\"wp-block-heading\">2.2. Haftungsausschluss bez\u00fcglich Links (Disclaimer)<\/h5>\n\n\n\n<p>Die Internetseite der EmK enth\u00e4lt Links zu externen Internetseiten Dritter. Die EmK \u00fcbernimmt f\u00fcr die fremden Inhalte und deren Fortbestand keine Gew\u00e4hr. Die EmK macht sich die Inhalte der verwiesenen Internetseiten ausdr\u00fccklich nicht zu Eigen. F\u00fcr die Inhalte der verlinkten Internetseiten ist allein der Betreiber der entsprechenden Internetseite verantwortlich. Die EmK hat keinerlei Einfluss auf die Gestaltung und die Inhalte der gelinkten Seite. Die EmK hat die Inhalte der verlinkten Internetseite \u00fcberpr\u00fcft und konnte keine rechtswidrigen Inhalte feststellen. Die EmK bittet ausdr\u00fccklich darum, sie auf derartige Links hinzuweisen, damit diese sofort gel\u00f6scht und eventuell zur Anzeige gebracht werden k\u00f6nnen.<\/p>\n\n\n\n<h5 class=\"wp-block-heading\">2.3. Urheber- und Kennzeichenrecht<\/h5>\n\n\n\n<p>Der Autor\/Administrator beachtet in allen Publikationen die Urheberrechte Dritter. Alle innerhalb des Internetangebots emk-sjk.de genannten und gegebenenfalls durch Dritte gesch\u00fctzten Marken- und Warenzeichen unterliegen uneingeschr\u00e4nkt den Bestimmungen des jeweils g\u00fcltigen Kennzeichenrechts und den Besitzrechten der jeweiligen eingetragenen Eigent\u00fcmer. Allein aufgrund der blo\u00dfen Nennung ist nicht der Schluss zu ziehen, dass Markenzeichen nicht durch Rechte Dritter gesch\u00fctzt sind.<\/p>\n\n\n\n<p>Das Copyright f\u00fcr ver\u00f6ffentlichte, vom Autor\/Administrator selbst erstellte Objekte bleibt allein bei den Autoren der Seiten. Eine Vervielf\u00e4ltigung oder Verwendung solcher Grafiken, Tondokumente, Videosequenzen und Texte in anderen elektronischen oder gedruckten Publikationen ist ohne ausdr\u00fcckliche Zustimmung des Autors nicht gestattet.<\/p>\n\n\n\n<p>\u00a9 Copyright Evangelisch-methodistische Kirche Kd\u00d6R mit Sitz in Frankfurt am Main und Berlin (Deutschland). Alle Rechte vorbehalten. Texte, Bilder, Grafiken, Sounds, Animationen und Videos sowie deren Anordnung auf der Internetseite www.emk-sjk.de unterliegen dem Schutz des Urheberrechts und anderer Schutzgesetze. Der Inhalt dieser Internetseite darf nicht zu kommerziellen Zwecken kopiert, verbreitet, ver\u00e4ndert oder Dritten zug\u00e4nglich gemacht werden. Wir weisen darauf hin, dass auf den Internetseiten enthaltene Bilder und Skripte teilweise dem Urheberrecht Dritter unterliegen.<\/p>\n","protected":false},"excerpt":{"rendered":"<p>1.1 Geltungsbereich Diese Datenschutzerkl\u00e4rung informiert die Nutzer der Website emk-sjk.de gem\u00e4\u00df Bundesdatenschutzgesetz und Telemediengesetz \u00fcber die Art, den Umfang und den Zweck der Erhebung und Verwendung personenbezogener Daten durch den Websitebetreiber, die Evangelisch-methodistische Kirche (im Folgenden EmK genannt).Die EmK nimmt den Datenschutz ernst und behandelt Ihre personenbezogenen Daten vertraulich und entsprechend der gesetzlichen Vorschriften.Bedenken Sie, [&hellip;]<\/p>\n","protected":false},"author":1,"featured_media":0,"parent":0,"menu_order":0,"comment_status":"closed","ping_status":"open","template":"","meta":{"footnotes":""},"class_list":["post-3","page","type-page","status-publish","hentry","post-preview"],"_links":{"self":[{"href":"https:\/\/gedaechtnis.sjk-emk.de\/index.php?rest_route=\/wp\/v2\/pages\/3","targetHints":{"allow":["GET"]}}],"collection":[{"href":"https:\/\/gedaechtnis.sjk-emk.de\/index.php?rest_route=\/wp\/v2\/pages"}],"about":[{"href":"https:\/\/gedaechtnis.sjk-emk.de\/index.php?rest_route=\/wp\/v2\/types\/page"}],"author":[{"embeddable":true,"href":"https:\/\/gedaechtnis.sjk-emk.de\/index.php?rest_route=\/wp\/v2\/users\/1"}],"replies":[{"embeddable":true,"href":"https:\/\/gedaechtnis.sjk-emk.de\/index.php?rest_route=%2Fwp%2Fv2%2Fcomments&post=3"}],"version-history":[{"count":2,"href":"https:\/\/gedaechtnis.sjk-emk.de\/index.php?rest_route=\/wp\/v2\/pages\/3\/revisions"}],"predecessor-version":[{"id":482,"href":"https:\/\/gedaechtnis.sjk-emk.de\/index.php?rest_route=\/wp\/v2\/pages\/3\/revisions\/482"}],"wp:attachment":[{"href":"https:\/\/gedaechtnis.sjk-emk.de\/index.php?rest_route=%2Fwp%2Fv2%2Fmedia&parent=3"}],"curies":[{"name":"wp","href":"https:\/\/api.w.org\/{rel}","templated":true}]}}